{"id":108,"date":"2013-02-17T21:11:12","date_gmt":"2013-02-17T21:11:12","guid":{"rendered":"http:\/\/gertenbach.info\/wordpress\/?page_id=108"},"modified":"2013-03-06T16:20:16","modified_gmt":"2013-03-06T16:20:16","slug":"fotografie","status":"publish","type":"page","link":"https:\/\/gertenbach.info\/wordpress\/?page_id=108","title":{"rendered":"Fotografie"},"content":{"rendered":"<p><span class=\"Stil24\"><\/p>\n<p>Fotografische Produkte: <a href=\"http:\/\/www.ocon.com\/\"><\/a><a href=\"http:\/\/www.gitzo.de\/\">Gitzo<\/a><a href=\"http:\/\/www.sachtler.com\/de.html\"><\/a><\/span><\/p>\n<h1 class=\"Stil11\">Dies sagt der Hersteller \u00fcber sich:<\/h1>\n<p><span class=\"Stil3\">&#8222;Profis in der ganzen Welt sind  davon \u00fcberzeugt, dass Gitzo Stative, Einbeinstative, K\u00f6pfe und Zubeh\u00f6r den  Industriestandard f\u00fcr Spitzenqualit\u00e4t setzen. Gitzos sorgf\u00e4ltig hergestellte  Produkte unterst\u00fctzen eine Vielzahl von Gro\u00df-, Mittel- und Kleinformatkameras  f\u00fcr Film- oder Digitaltechnologie, Standfotografie oder Video, f\u00fcr Studio oder  Au\u00dfenarbeiten.<\/span><\/p>\n<p>Innovationen, wie die ersten Eins\u00e4tze von Carbon- oder Basaltfasern f\u00fcr die  Herstellung von Stativen und Magnesium f\u00fcr die Produktion von K\u00f6pfen, trafen  auf eine Design-Politik \u201eohne Schn\u00f6rkel und ohne Kompromisse in Bezug auf  Qualit\u00e4t\u201c, die Gitzo-Produkte zu einer Klasse f\u00fcr sich machten.<\/p>\n<p><strong>Design<\/strong><\/p>\n<p>Die Kombination aus klassischem Stil mit moderner Ergonomie hat Gitzo an die  Spitze im Bereich des Systemdesigns f\u00fcr Kamera-Support gebracht.<\/p>\n<p><strong>Bew\u00e4hrte Qualit\u00e4t<\/strong><\/p>\n<p>Gitzo Stative und K\u00f6pfe sind so gefertigt, dass sie den h\u00e4rtesten Anforderungen  standhalten. Eine hochpr\u00e4zise Fertigung, hochwertige Materialien und  Feinsteinstellungen sind Qualit\u00e4ten, f\u00fcr die Gitzo-Produkte stehen.<\/p>\n<p><strong>Technologie und Materialien<\/strong><\/p>\n<p>Durch die Verwendung von Materialien aus der Raumfahrt wie hochfeste und  leichte Aluminiumlegierungen, Rohre aus Carbon- und Basaltfasern und  Magnesiumguss ist Gitzo an der Spitze der Entwicklung geblieben und sorgt f\u00fcr  absolute Stabilit\u00e4t und Effizienz.&#8220;<\/p>\n<p class=\"Stil26\">&nbsp;<\/p>\n<p class=\"Stil26\">Von uns k\u00f6nnen Sie die gesamte Produktpalette der Stative, Schwenk- &amp; Neigek\u00f6pfe und des Zubeh\u00f6rs erwerben. Aufgrund des Umfangs der Produktpalette w\u00e4re eine Auff\u00fchrung hier zu umfangreich.<\/p>\n<p class=\"Stil26\">Wir empfehlen  sich einen \u00dcberblick auf der Homepage des Herstellers zu verschaffen.<\/p>\n<p>Gerne beraten wir Sie aber auch von Anfang an in einem pers\u00f6nlichen Gespr\u00e4ch oder nach Ihrer Email-Anfrage.<\/p>\n<p>F\u00fcr eine kompetente Beratung ist es f\u00fcr uns wichtig zu wissen, was Ihr haupts\u00e4chlicher Einsatzzweck  sein wird, welche Kamera, welches Objektiv bzw. sonstige Zubeh\u00f6rteile verwendet werden sollen, etc..<\/p>\n<p class=\"Stil26\"><a href=\"http:\/\/www.gitzo.de\/service\/kataloge\/\">Auf dieser Seite<\/a><a href=\"http:\/\/www.ocon.com\/support\/downloads.html\"><\/a><a href=\"http:\/\/www.sachtler.com\/index.php?id=170\"><\/a> k\u00f6nnen sie die Gitzo Prospeke zum Download ausw\u00e4hlen.<\/p>\n","protected":false},"excerpt":{"rendered":"<p>Fotografische Produkte: Gitzo Dies sagt der Hersteller \u00fcber sich: &#8222;Profis in der ganzen Welt sind davon \u00fcberzeugt, dass Gitzo Stative, Einbeinstative, K\u00f6pfe und Zubeh\u00f6r den Industriestandard f\u00fcr Spitzenqualit\u00e4t setzen. Gitzos sorgf\u00e4ltig hergestellte Produkte unterst\u00fctzen eine Vielzahl von Gro\u00df-, Mittel- und Kleinformatkameras f\u00fcr Film- oder Digitaltechnologie, Standfotografie oder Video, f\u00fcr Studio oder Au\u00dfenarbeiten. Innovationen, wie die<\/p>\n<p><a class=\"more-link\" href=\"https:\/\/gertenbach.info\/wordpress\/?page_id=108\">Read more <span class=\"more-sep\">[+]<\/span><\/a><\/p>\n","protected":false},"author":1,"featured_media":0,"parent":0,"menu_order":0,"comment_status":"closed","ping_status":"closed","template":"","meta":[],"_links":{"self":[{"href":"https:\/\/gertenbach.info\/wordpress\/index.php?rest_route=\/wp\/v2\/pages\/108"}],"collection":[{"href":"https:\/\/gertenbach.info\/wordpress\/index.php?rest_route=\/wp\/v2\/pages"}],"about":[{"href":"https:\/\/gertenbach.info\/wordpress\/index.php?rest_route=\/wp\/v2\/types\/page"}],"author":[{"embeddable":true,"href":"https:\/\/gertenbach.info\/wordpress\/index.php?rest_route=\/wp\/v2\/users\/1"}],"replies":[{"embeddable":true,"href":"https:\/\/gertenbach.info\/wordpress\/index.php?rest_route=%2Fwp%2Fv2%2Fcomments&post=108"}],"version-history":[{"count":3,"href":"https:\/\/gertenbach.info\/wordpress\/index.php?rest_route=\/wp\/v2\/pages\/108\/revisions"}],"predecessor-version":[{"id":387,"href":"https:\/\/gertenbach.info\/wordpress\/index.php?rest_route=\/wp\/v2\/pages\/108\/revisions\/387"}],"wp:attachment":[{"href":"https:\/\/gertenbach.info\/wordpress\/index.php?rest_route=%2Fwp%2Fv2%2Fmedia&parent=108"}],"curies":[{"name":"wp","href":"https:\/\/api.w.org\/{rel}","templated":true}]}}