{"id":136,"date":"2013-02-17T21:15:29","date_gmt":"2013-02-17T21:15:29","guid":{"rendered":"http:\/\/gertenbach.info\/wordpress\/?page_id=136"},"modified":"2015-06-20T10:48:05","modified_gmt":"2015-06-20T10:48:05","slug":"fujinon","status":"publish","type":"page","link":"https:\/\/gertenbach.info\/wordpress\/?page_id=136","title":{"rendered":"Fujinon"},"content":{"rendered":"<p><span class=\"Stil24\"><br \/>\nBroadcast-Objektive: <a href=\"http:\/\/www.fujinon.de\/de\/optische-produkte\/tv-objektive\/\">Fujinon<\/a><a href=\"http:\/\/www.canon-europe.com\/TV-Products\/\"><\/a><a href=\"http:\/\/www.vinten.com\/de\"><\/a><a href=\"http:\/\/www.canon.com\/bctv\"><\/a><a href=\"http:\/\/www.vinten.com\/de\"><\/a><\/span><\/p>\n<h1 class=\"Stil11\">Dies sagt der Hersteller \u00fcber sich:<\/h1>\n<p>&#8222;<span class=\"Stil3\"><strong>Innovationen f\u00fcr Ihre Kommunikation<br \/>\n<\/strong><\/span><span class=\"Stil3\">Mit hohem Engagement entwickelt und produziert Fujinon seit mehr als 40   Jahren Objektive f\u00fcr Fernsehkameras und hat mit \u00a0eigenen, einzigartigen   Technologien zur Entwicklung des optischen Designs, extremen   Herstellungsverfahren und strengsten Qualit\u00e4tskontrollen Ma\u00dfst\u00e4be gesetzt. Mit dem Beginn des 21.Jahrhunderts stellen wir uns einer neuen   Herausforderung, der Entwicklung der n\u00e4chsten Generation von Objektiven auf   Basis der Opto-Mechatronik, welche die Integration von Mechanik und Elektronik   mit dem Kernbereich Optik realisiert. Unsere Produktpalette umfasst mehr als 60   Objektive, darunter das HD ENG Zoomobjektiv mit dem weltweit gr\u00f6\u00dften Weitwinkel   und dem A\u00dc Objektiv mit dem weltweit l\u00e4ngsten Zoom. H\u00f6chste Bildqualit\u00e4t und Aufl\u00f6sung, klare Funktionalit\u00e4t. Objektive von   Fujinon bieten alles, um den gestiegenen Anforderungen der Bildgestaltung zu   gen\u00fcgen.&#8220;<br \/>\n<\/span><\/p>\n<p class=\"Stil26\">&nbsp;<\/p>\n<p class=\"Stil26\">Von uns k\u00f6nnen Sie die gesamte Produktpalette von Fujinon Broadcast-Produkten erwerben. Aufgrund des Umfangs der Produktpalette w\u00e4re eine Auff\u00fchrung hier zu umfangreich.<\/p>\n<p class=\"Stil26\">Wir empfehlen  sich einen \u00dcberblick auf der Homepage des Herstellers zu verschaffen.<br \/>\nGerne beraten wir Sie aber auch von Anfang an in einem pers\u00f6nlichen Gespr\u00e4ch oder nach Ihrer Email-Anfrage.<br \/>\nF\u00fcr eine kompetente Beratung ist es f\u00fcr uns wichtig zu wissen, was Ihr haupts\u00e4chlicher Einsatzzweck  sein wird, welche Kamera-sonstige Zubeh\u00f6rteile verwendet werden sollen, etc..<\/p>\n<p class=\"Stil26\"><a href=\"http:\/\/www.fujinon.de\/de\/optische-produkte\/tv-objektive\/produkte\/\">Auf dieser Seite<\/a><a href=\"http:\/\/www.canon.com\/bctv\/products\/index.html\"><\/a><a href=\"http:\/\/www.vinten.com\/de\/downloads-2\"><\/a><a href=\"http:\/\/www.sachtler.com\/index.php?id=170\"><\/a> k\u00f6nnen sie die Fujinon Produtkinformaionen zum Download ausw\u00e4hlen.<\/p>\n<p class=\"Stil26\">Besonders hilfreich finden wir den Objektivrechner, <a href=\"http:\/\/www.fujinon.de\/no_cache\/de\/optische-produkte\/tv-objektive\/objektivrechner\/\">den Sie hier finden.<\/a><a href=\"http:\/\/www.canon.com\/bctv\/calculator\/index.html\"><\/a><\/p>\n<p class=\"Stil26\"><span class=\"Stil27\">Bitte sprechen Sie uns wegen dem Liefertermin an, gerne bieten wir Ihnen zu Topp-Preisen die Produkte des Herstellers an.<\/span><\/p>\n","protected":false},"excerpt":{"rendered":"<p>Broadcast-Objektive: Fujinon Dies sagt der Hersteller \u00fcber sich: &#8222;Innovationen f\u00fcr Ihre Kommunikation Mit hohem Engagement entwickelt und produziert Fujinon seit mehr als 40 Jahren Objektive f\u00fcr Fernsehkameras und hat mit \u00a0eigenen, einzigartigen Technologien zur Entwicklung des optischen Designs, extremen Herstellungsverfahren und strengsten Qualit\u00e4tskontrollen Ma\u00dfst\u00e4be gesetzt. Mit dem Beginn des 21.Jahrhunderts stellen wir uns einer neuen<\/p>\n<p><a class=\"more-link\" href=\"https:\/\/gertenbach.info\/wordpress\/?page_id=136\">Read more <span class=\"more-sep\">[+]<\/span><\/a><\/p>\n","protected":false},"author":1,"featured_media":0,"parent":0,"menu_order":0,"comment_status":"closed","ping_status":"closed","template":"","meta":[],"_links":{"self":[{"href":"https:\/\/gertenbach.info\/wordpress\/index.php?rest_route=\/wp\/v2\/pages\/136"}],"collection":[{"href":"https:\/\/gertenbach.info\/wordpress\/index.php?rest_route=\/wp\/v2\/pages"}],"about":[{"href":"https:\/\/gertenbach.info\/wordpress\/index.php?rest_route=\/wp\/v2\/types\/page"}],"author":[{"embeddable":true,"href":"https:\/\/gertenbach.info\/wordpress\/index.php?rest_route=\/wp\/v2\/users\/1"}],"replies":[{"embeddable":true,"href":"https:\/\/gertenbach.info\/wordpress\/index.php?rest_route=%2Fwp%2Fv2%2Fcomments&post=136"}],"version-history":[{"count":5,"href":"https:\/\/gertenbach.info\/wordpress\/index.php?rest_route=\/wp\/v2\/pages\/136\/revisions"}],"predecessor-version":[{"id":469,"href":"https:\/\/gertenbach.info\/wordpress\/index.php?rest_route=\/wp\/v2\/pages\/136\/revisions\/469"}],"wp:attachment":[{"href":"https:\/\/gertenbach.info\/wordpress\/index.php?rest_route=%2Fwp%2Fv2%2Fmedia&parent=136"}],"curies":[{"name":"wp","href":"https:\/\/api.w.org\/{rel}","templated":true}]}}