{"id":286,"date":"2013-02-28T09:14:52","date_gmt":"2013-02-28T09:14:52","guid":{"rendered":"http:\/\/gertenbach.info\/wordpress\/?page_id=286"},"modified":"2013-02-28T20:06:43","modified_gmt":"2013-02-28T20:06:43","slug":"ubersetzungen","status":"publish","type":"page","link":"https:\/\/gertenbach.info\/wordpress\/?page_id=286","title":{"rendered":"\u00dcbersetzungen"},"content":{"rendered":"<p>Eine 20-j\u00e4hrige T\u00e4tigkeit f\u00fcr  englischsprachige Konzerne aus dem Foto- und Broadcast-Bereich sowie ein  Ingenieurstudium geben dem Inhaber die Kompetenz, Ihnen bei Ihren anspruchsvollen  \u00dcbersetzungen Ihrer Brosch\u00fcren, Manuals, Preislisten aus dem Englischen ins  Deutsche zur Seite zu stehen.<\/span><\/h1>\n<p class=\"Stil26\">U. a. achten wir dabei auf eine durchg\u00e4ngige  Terminologie innerhalb der Dokumente.<\/p>\n<p class=\"Stil26\">Schicken Sie uns die zu \u00fcbersetzenden  Unterlagen sowie evtl. sonstige Anforderungen, gern schicken wir Ihnen daf\u00fcr  unser Angebot.<\/p>\n","protected":false},"excerpt":{"rendered":"<p>Eine 20-j\u00e4hrige T\u00e4tigkeit f\u00fcr englischsprachige Konzerne aus dem Foto- und Broadcast-Bereich sowie ein Ingenieurstudium geben dem Inhaber die Kompetenz, Ihnen bei Ihren anspruchsvollen \u00dcbersetzungen Ihrer Brosch\u00fcren, Manuals, Preislisten aus dem Englischen ins Deutsche zur Seite zu stehen. U. a. achten wir dabei auf eine durchg\u00e4ngige Terminologie innerhalb der Dokumente. Schicken Sie uns die zu \u00fcbersetzenden<\/p>\n<p><a class=\"more-link\" href=\"https:\/\/gertenbach.info\/wordpress\/?page_id=286\">Read more <span class=\"more-sep\">[+]<\/span><\/a><\/p>\n","protected":false},"author":1,"featured_media":0,"parent":0,"menu_order":0,"comment_status":"closed","ping_status":"closed","template":"","meta":[],"_links":{"self":[{"href":"https:\/\/gertenbach.info\/wordpress\/index.php?rest_route=\/wp\/v2\/pages\/286"}],"collection":[{"href":"https:\/\/gertenbach.info\/wordpress\/index.php?rest_route=\/wp\/v2\/pages"}],"about":[{"href":"https:\/\/gertenbach.info\/wordpress\/index.php?rest_route=\/wp\/v2\/types\/page"}],"author":[{"embeddable":true,"href":"https:\/\/gertenbach.info\/wordpress\/index.php?rest_route=\/wp\/v2\/users\/1"}],"replies":[{"embeddable":true,"href":"https:\/\/gertenbach.info\/wordpress\/index.php?rest_route=%2Fwp%2Fv2%2Fcomments&post=286"}],"version-history":[{"count":4,"href":"https:\/\/gertenbach.info\/wordpress\/index.php?rest_route=\/wp\/v2\/pages\/286\/revisions"}],"predecessor-version":[{"id":312,"href":"https:\/\/gertenbach.info\/wordpress\/index.php?rest_route=\/wp\/v2\/pages\/286\/revisions\/312"}],"wp:attachment":[{"href":"https:\/\/gertenbach.info\/wordpress\/index.php?rest_route=%2Fwp%2Fv2%2Fmedia&parent=286"}],"curies":[{"name":"wp","href":"https:\/\/api.w.org\/{rel}","templated":true}]}}