{"id":290,"date":"2013-02-28T09:15:22","date_gmt":"2013-02-28T09:15:22","guid":{"rendered":"http:\/\/gertenbach.info\/wordpress\/?page_id=290"},"modified":"2013-03-06T16:24:13","modified_gmt":"2013-03-06T16:24:13","slug":"expertengutachten","status":"publish","type":"page","link":"https:\/\/gertenbach.info\/wordpress\/?page_id=290","title":{"rendered":"Expertengutachten"},"content":{"rendered":"<h1>Expertengutachten<\/h1>\n<p>&nbsp;<\/p>\n<p>Sie brauchen ein Gutachten f\u00fcr die Versicherung, einen Rechtsstreit oder \u00e4hnliches?<\/p>\n<p>Eine \u00fcber 18-j\u00e4hrige T\u00e4tigkeit f\u00fcr den namhaften Hersteller Vinten, Autoscript sowie Sachtler und O\u2019Connor und eine umfangreiche Datenbank auch f\u00fcr alte Produkte bef\u00e4higen uns, Ihnen hier zur Seite zu stehen. Gerne erstellen wir Ihnen ein gezieltes Angebot.<\/p>\n<p>&nbsp;<\/p>\n","protected":false},"excerpt":{"rendered":"<p>Expertengutachten &nbsp; Sie brauchen ein Gutachten f\u00fcr die Versicherung, einen Rechtsstreit oder \u00e4hnliches? Eine \u00fcber 18-j\u00e4hrige T\u00e4tigkeit f\u00fcr den namhaften Hersteller Vinten, Autoscript sowie Sachtler und O\u2019Connor und eine umfangreiche Datenbank auch f\u00fcr alte Produkte bef\u00e4higen uns, Ihnen hier zur Seite zu stehen. Gerne erstellen wir Ihnen ein gezieltes Angebot. &nbsp;<\/p>\n","protected":false},"author":1,"featured_media":0,"parent":0,"menu_order":0,"comment_status":"closed","ping_status":"closed","template":"","meta":[],"_links":{"self":[{"href":"https:\/\/gertenbach.info\/wordpress\/index.php?rest_route=\/wp\/v2\/pages\/290"}],"collection":[{"href":"https:\/\/gertenbach.info\/wordpress\/index.php?rest_route=\/wp\/v2\/pages"}],"about":[{"href":"https:\/\/gertenbach.info\/wordpress\/index.php?rest_route=\/wp\/v2\/types\/page"}],"author":[{"embeddable":true,"href":"https:\/\/gertenbach.info\/wordpress\/index.php?rest_route=\/wp\/v2\/users\/1"}],"replies":[{"embeddable":true,"href":"https:\/\/gertenbach.info\/wordpress\/index.php?rest_route=%2Fwp%2Fv2%2Fcomments&post=290"}],"version-history":[{"count":3,"href":"https:\/\/gertenbach.info\/wordpress\/index.php?rest_route=\/wp\/v2\/pages\/290\/revisions"}],"predecessor-version":[{"id":396,"href":"https:\/\/gertenbach.info\/wordpress\/index.php?rest_route=\/wp\/v2\/pages\/290\/revisions\/396"}],"wp:attachment":[{"href":"https:\/\/gertenbach.info\/wordpress\/index.php?rest_route=%2Fwp%2Fv2%2Fmedia&parent=290"}],"curies":[{"name":"wp","href":"https:\/\/api.w.org\/{rel}","templated":true}]}}