{"id":292,"date":"2013-02-28T09:15:33","date_gmt":"2013-02-28T09:15:33","guid":{"rendered":"http:\/\/gertenbach.info\/wordpress\/?page_id=292"},"modified":"2013-02-28T20:08:41","modified_gmt":"2013-02-28T20:08:41","slug":"service","status":"publish","type":"page","link":"https:\/\/gertenbach.info\/wordpress\/?page_id=292","title":{"rendered":"Service"},"content":{"rendered":"<p class=\"Stil28\">Sie ben\u00f6tigen Wartung Ihres  Supports?<\/p>\n<p>Sie ben\u00f6tigen Manpower f\u00fcr Projekte?<\/p>\n<p>Wir stehen Ihnen zur Seite!<\/p>\n<p class=\"Stil28\">Der aktuelle Stundenpreis betr\u00e4gt EUR\u00a090,-.<\/p>\n<p>Evtl. anfallende Anfahrtskosten berechnen  wir mit EUR\u00a00,70 \/ km (es gelten die durch Navigationshilfen ermittelten  Distanzen f\u00fcr \u201eschnellste Anfahrt\u201c, Mehrkilometer bzw. \u2013stunden wg. z. B. Stau-Umfahrung  stellen wir Ihnen nicht in Rechnung.<\/p>\n<p>Bei mehrt\u00e4gigen Buchungen erlauben wir uns, Ihnen \u00dcbernachtungskosten von  EUR\u00a080,- pauschal zu berechnen. Organisieren Sie die \u00dcbernachtung, so wird  ein 4-Sterne-Hotel mit Klimaanlage vorausgesetzt.<\/p>\n<p class=\"Stil28\">Bei Au\u00dfer-Haus Buchungen werden Wartezeiten vor, w\u00e4hrend oder nach des Service,  sofern sie nicht von gertenbach.info verursacht worden sind, mit dem vollen  Stundensatz berechnet.<\/p>\n<p class=\"Stil28\">\nM\u00fcssen sie einen gebuchten Vor-Ort-Service absagen, erlauben wir uns, Ihnen bei  Stornierung<\/p>\n<ul>\n<li class=\"Stil28\"> innerhalb von 7 Tagen vor dem  Starttermin 10%<\/li>\n<li class=\"Stil28\">innerhalb von 4 Tagen vor dem  Starttermin 20%<\/li>\n<li class=\"Stil28\">innerhalb von 2 Tagen vor dem  Starttermin 50%<\/li>\n<li class=\"Stil28\">innerhalb von 1 Tag vor dem  Starttermin 75%<\/li>\n<\/ul>\n<p class=\"Stil28\">des Angebotspreises zu berechnen.  Bei langen Anfahrtszeiten von \u00fcber 6 Stunden gilt der Abfahrtstermin vom  Firmensitz als Starttermin. Evtl. anfallende Kosten bzw. Stornokosten f\u00fcr  Hotel, Flug, Ger\u00e4te, Versand etc. tr\u00e4gt der Auftraggeber gem. von  gertenbach.info vorzulegender Rechnungen.<\/p>\n<p class=\"Stil27\"><span class=\"Stil3\">Irrt\u00fcmer und \u00c4nderungen vorbehalten.<\/span><\/p>\n","protected":false},"excerpt":{"rendered":"<p>Sie ben\u00f6tigen Wartung Ihres Supports? Sie ben\u00f6tigen Manpower f\u00fcr Projekte? Wir stehen Ihnen zur Seite! Der aktuelle Stundenpreis betr\u00e4gt EUR\u00a090,-. Evtl. anfallende Anfahrtskosten berechnen wir mit EUR\u00a00,70 \/ km (es gelten die durch Navigationshilfen ermittelten Distanzen f\u00fcr \u201eschnellste Anfahrt\u201c, Mehrkilometer bzw. \u2013stunden wg. z. B. Stau-Umfahrung stellen wir Ihnen nicht in Rechnung. Bei mehrt\u00e4gigen Buchungen<\/p>\n<p><a class=\"more-link\" href=\"https:\/\/gertenbach.info\/wordpress\/?page_id=292\">Read more <span class=\"more-sep\">[+]<\/span><\/a><\/p>\n","protected":false},"author":1,"featured_media":0,"parent":0,"menu_order":0,"comment_status":"closed","ping_status":"closed","template":"","meta":[],"_links":{"self":[{"href":"https:\/\/gertenbach.info\/wordpress\/index.php?rest_route=\/wp\/v2\/pages\/292"}],"collection":[{"href":"https:\/\/gertenbach.info\/wordpress\/index.php?rest_route=\/wp\/v2\/pages"}],"about":[{"href":"https:\/\/gertenbach.info\/wordpress\/index.php?rest_route=\/wp\/v2\/types\/page"}],"author":[{"embeddable":true,"href":"https:\/\/gertenbach.info\/wordpress\/index.php?rest_route=\/wp\/v2\/users\/1"}],"replies":[{"embeddable":true,"href":"https:\/\/gertenbach.info\/wordpress\/index.php?rest_route=%2Fwp%2Fv2%2Fcomments&post=292"}],"version-history":[{"count":4,"href":"https:\/\/gertenbach.info\/wordpress\/index.php?rest_route=\/wp\/v2\/pages\/292\/revisions"}],"predecessor-version":[{"id":315,"href":"https:\/\/gertenbach.info\/wordpress\/index.php?rest_route=\/wp\/v2\/pages\/292\/revisions\/315"}],"wp:attachment":[{"href":"https:\/\/gertenbach.info\/wordpress\/index.php?rest_route=%2Fwp%2Fv2%2Fmedia&parent=292"}],"curies":[{"name":"wp","href":"https:\/\/api.w.org\/{rel}","templated":true}]}}