{"id":329,"date":"2013-02-28T20:25:17","date_gmt":"2013-02-28T20:25:17","guid":{"rendered":"http:\/\/gertenbach.info\/wordpress\/?page_id=329"},"modified":"2026-03-02T09:04:02","modified_gmt":"2026-03-02T09:04:02","slug":"preisliste","status":"publish","type":"page","link":"https:\/\/gertenbach.info\/wordpress\/?page_id=329","title":{"rendered":"Preisliste"},"content":{"rendered":"<h2 class=\"Stil10\">Glasoberfl\u00e4chenspiegel<\/h2>\n<p>Bei Spiegelgr\u00f6\u00dfen \u00fcber 6.000 cm\u00b2 empfehlen wir 5 mm Glasst\u00e4rke.<br \/>\nAls Richtwert k\u00f6nnen Sie pro 100 cm\u00b2 Fl\u00e4che bei einem 3 mm Spiegel 76 Gramm annehmen, bei 5 mm St\u00e4rke 122 Gramm.<br \/>\nDie Schnitt-Toleranz h\u00e4ngt von der St\u00e4rke des Materials sowie von der gew\u00fcnschten Zuschnittgr\u00f6\u00dfe ab, sie sind maximal plus\/minus 2 mm. Bei kleinen Spiegelabmessungen bzw. durch aufpreispflichtige Nachbearbeitung k\u00f6nnen auch wesentlich kleinere Toleranzen eingehalten werden \u2013 bitte sprechen Sie uns an!<br \/>\nDie Standard-Spiegelma\u00dfe sind:<br \/>\n3 mm 127 cm x 81 cm (maximal lieferbares Ma\u00df)<br \/>\n5 mm 127 cm x 81 cm (maximal lieferbares Ma\u00df)<br \/>\n<span style=\"color: #ff0000;\"><strong>Achtung: Bei der Breite von 81 cm besteht ein Randbereich. Dieser ist optisch nicht nutzbar. Die maximale Nutzbreite liegt bei 79 cm!<\/strong><\/span><\/p>\n<p>Auf Wunsch k\u00f6nnen wir die Kanten der Spiegel auch schleifen und polieren, Preise auf Anfrage und nach Aufwand.<br \/>\nDie Spezifikationen der Planit\u00e4t der Oberfl\u00e4chen sind wie folgt:<br \/>\n3 mm 8\/8\/2<br \/>\n5 mm 20\/20\/4<\/p>\n<p><strong>Wenn der Mindestmaterialpreis je Lieferung von \u20ac 25,-, nicht erreicht wird, erheben wir einen Mindestpreiszuschlag, bis dieser Wert erreicht ist. Portokosten und \/ oder Verpackungskosten z\u00e4hlen nicht als Materialpreis.<\/strong><\/p>\n<p>Irrt\u00fcmer und \u00c4nderungen vorbehalten.<\/p>\n<form id=\"form1\" action=\"https:\/\/gertenbach.info\/wordpress\/?page_id=533\" method=\"post\" name=\"form1\"><label>\u00a0<\/label><\/form>\n<div><span class=\"Stil10\">\u00a0<\/span><\/div>\n<p><span class=\"Stil10\">\u00a0<\/span><\/p>\n","protected":false},"excerpt":{"rendered":"<p>Glasoberfl\u00e4chenspiegel Bei Spiegelgr\u00f6\u00dfen \u00fcber 6.000 cm\u00b2 empfehlen wir 5 mm Glasst\u00e4rke. Als Richtwert k\u00f6nnen Sie pro 100 cm\u00b2 Fl\u00e4che bei einem 3 mm Spiegel 76 Gramm annehmen, bei 5 mm St\u00e4rke 122 Gramm. Die Schnitt-Toleranz h\u00e4ngt von der St\u00e4rke des Materials sowie von der gew\u00fcnschten Zuschnittgr\u00f6\u00dfe ab, sie sind maximal plus\/minus 2 mm. Bei kleinen<\/p>\n<p><a class=\"more-link\" href=\"https:\/\/gertenbach.info\/wordpress\/?page_id=329\">Read more <span class=\"more-sep\">[+]<\/span><\/a><\/p>\n","protected":false},"author":1,"featured_media":0,"parent":0,"menu_order":0,"comment_status":"closed","ping_status":"closed","template":"","meta":[],"_links":{"self":[{"href":"https:\/\/gertenbach.info\/wordpress\/index.php?rest_route=\/wp\/v2\/pages\/329"}],"collection":[{"href":"https:\/\/gertenbach.info\/wordpress\/index.php?rest_route=\/wp\/v2\/pages"}],"about":[{"href":"https:\/\/gertenbach.info\/wordpress\/index.php?rest_route=\/wp\/v2\/types\/page"}],"author":[{"embeddable":true,"href":"https:\/\/gertenbach.info\/wordpress\/index.php?rest_route=\/wp\/v2\/users\/1"}],"replies":[{"embeddable":true,"href":"https:\/\/gertenbach.info\/wordpress\/index.php?rest_route=%2Fwp%2Fv2%2Fcomments&post=329"}],"version-history":[{"count":75,"href":"https:\/\/gertenbach.info\/wordpress\/index.php?rest_route=\/wp\/v2\/pages\/329\/revisions"}],"predecessor-version":[{"id":668,"href":"https:\/\/gertenbach.info\/wordpress\/index.php?rest_route=\/wp\/v2\/pages\/329\/revisions\/668"}],"wp:attachment":[{"href":"https:\/\/gertenbach.info\/wordpress\/index.php?rest_route=%2Fwp%2Fv2%2Fmedia&parent=329"}],"curies":[{"name":"wp","href":"https:\/\/api.w.org\/{rel}","templated":true}]}}