{"id":340,"date":"2013-02-28T20:38:21","date_gmt":"2013-02-28T20:38:21","guid":{"rendered":"http:\/\/gertenbach.info\/wordpress\/?page_id=340"},"modified":"2013-02-28T20:51:35","modified_gmt":"2013-02-28T20:51:35","slug":"reinigung","status":"publish","type":"page","link":"https:\/\/gertenbach.info\/wordpress\/?page_id=340","title":{"rendered":"Reinigung"},"content":{"rendered":"<p>Gerne w\u00fcrden wir Ihnen auch Reinigungsmittel anbieten, leider ist der  Verkauf von Chemie mit so viel Auflagen und Vorschriften verbunden, dass wir  hier leider passen m\u00fcssen.<br \/>\nWir haben jedoch f\u00fcr sie eine Auswahl an  Empfehlungen aus dem Internet gesammelt sowie bei namhaften Herstellern  gefragt, wie sie ihre Produkte reinigen. Diese geben wir Ihnen gern weiter,  allerdings unter Ausschluss jeglicher Gew\u00e4hrleistung!<\/p>\n<p class=\"Stil16\"><strong>Zun\u00e4chst die Reinigungsvorschrift des Herstellers:<\/strong><\/p>\n<p>Am Besten geeignet zum Reinigen von FSM (Front-Side-Mirror = Oberfl\u00e4chenspiegel) sind handels\u00fcbliche Glasreiniger, neutral bis<br \/>\nleicht basisch, und ein weiches Baumwolltuch. In Europa sind dies z.B. Mr. Proper Glasrein, Pril, Ajax, Sidolin Glasreiniger. Glasreiniger, die schwach Ammoniak- haltig sind, sowie<br \/>\nIsopropanol eignen sich ebenfalls.<\/p>\n<p>Die Baumwollt\u00fccher m\u00fcssen optiktauglich sein und d\u00fcrfen keine Glassplitter oder sonstigen<br \/>\nPartikel, die die Beschichtung besch\u00e4digen k\u00f6nnten, aufweisen.<\/p>\n<p>Papiert\u00fccher sind meist zu rau, um eine sichere Reinigung zu gew\u00e4hrleisten. Wenn man<br \/>\ntrotzdem Papiert\u00fccher benutzen m\u00f6chte, muss vorher getestet werden, welche Sorte am<br \/>\nbesten geeignet ist.<\/p>\n<p>&nbsp;<\/p>\n<h4 class=\"Stil10\"><span style=\"text-decoration: underline;\">Organische L\u00f6sungsmittel<\/span><\/h4>\n<ul>\n<li> <span class=\"Stil10\">Aceton<\/span><\/li>\n<li class=\"Stil10\"> <span class=\"Stil40\">Methanol<\/span> \/  \u00c4ther 2:1<\/li>\n<li><span class=\"Stil10\"> Isopropanol<\/span><span class=\"Stil33\">&nbsp;\n<p><\/span><\/li>\n<\/ul>\n<h4 class=\"Stil10\"><span style=\"text-decoration: underline;\">Anorganische  L\u00f6sungsmittel<\/span><\/h4>\n<ul>\n<li class=\"Stil10\"> Wasser Reinigungsgrad:  destilliertes oder 100% de-ionisiertes Wasser<\/li>\n<li class=\"Stil19\"><span class=\"Stil10\">Netzmittel<br \/>\n<\/span><\/li>\n<\/ul>\n<h4 class=\"Stil10\"><span style=\"text-decoration: underline;\">1. Reinigung der optischen Fl\u00e4chen (allgemein)<\/span><\/h4>\n<ul>\n<li class=\"Stil37\"> <span class=\"Stil10\">Reinigung  starker organischer Verschmutzung mit Aceton beginnen &#8211; Reinigung anorganischer  Verschmutzung mit Wasser \/ Netzmittel beginnen<\/span><\/li>\n<li class=\"Stil37\"> <span class=\"Stil10\">anschlie\u00dfende  Reinigung mit Methanol \/ \u00c4ther<\/span><\/li>\n<li class=\"Stil37\"> <span class=\"Stil10\">letzte  Reinigung mit Isopropanol durchf\u00fchren<\/span><\/li>\n<\/ul>\n<h4 class=\"Stil10\"><span style=\"text-decoration: underline;\">2. Reinigung gefasster Optik (z. B. Objektivlinsen)<\/span><\/h4>\n<ul>\n<li class=\"Stil37\"> <span class=\"Stil10\">Staub mit Blasebalg  oder Druckluftflasche entfernen, dabei die Druckluftflasche gerade halten,  damit kein fl\u00fcssiges Gas bzw. Treibmittel mit austritt.<\/span><\/li>\n<li class=\"Stil37\"> <span class=\"Stil10\">Fassung  mit befeuchtetem Wattest\u00e4bchen reinigen.<\/span><\/li>\n<li class=\"Stil37\"> <span class=\"Stil10\">Bei Bedarf  R\u00fcckst\u00e4nde mit befeuchtetem Linsenpapier, das um eine Holzspitze gewickelt ist,  entfernen.<\/span><\/li>\n<li class=\"Stil37\"> <span class=\"Stil10\">Optische  Fl\u00e4chen mit befeuchtetem Linsenpapierwischer oder Wattest\u00e4bchen reinigen (siehe\u00a01.)<\/span><\/li>\n<\/ul>\n<h4 class=\"Stil10\"><span style=\"text-decoration: underline;\">3. Gro\u00dfe optische Fl\u00e4chen (z. B. Pressfax-Spiegel)<\/span><\/h4>\n<ul>\n<li class=\"Stil37\"> <span class=\"Stil10\">Staub mit Blasebalg  oder Druckluftflasche entfernen, dabei die Druckluftflasche gerade halten,  damit kein fl\u00fcssiges Gas bzw. Treibmittel mit austritt.<\/span><\/li>\n<li class=\"Stil37\"> <span class=\"Stil10\">Optische  Fl\u00e4chen mit befeuchtetem Linsenpapierwischer, m\u00f6glichst von oben beginnend,  abschnittsweise reinigen (siehe\u00a01.)<\/span><\/li>\n<li class=\"Stil37\"> <span class=\"Stil10\">In  gereinigte Instrumentenschale L\u00f6sungsmittel gie\u00dfen, kugelf\u00f6rmig  zusammengefasstes Optiktuch durch Eintauchen befeuchten.<\/span><\/li>\n<li class=\"Stil37\"> <span class=\"Stil10\">Zusammengefasstes Optiktuch mit befeuchtetem Teil einmal mit m\u00e4\u00dfigem Druck \u00fcber  die optische Fl\u00e4che ziehen.<\/span><\/li>\n<\/ul>\n<h4 class=\"Stil10\"><span style=\"text-decoration: underline;\">4. Reinigung loser oder freistehender Optik (z. B. Oberfl\u00e4chenspiegel)<\/span><\/h4>\n<ul>\n<li class=\"Stil37\"> <span class=\"Stil10\">Staub mit Blasebalg  oder Druckluftflasche entfernen, dabei die Druckluftflasche gerade halten,  damit kein fl\u00fcssiges Gas bzw. Treibmittel mit austritt.<\/span><\/li>\n<li class=\"Stil37\"> <span class=\"Stil10\">Bei  st\u00e4rkerer Verschmutzung optische Fl\u00e4che mit befeuchtetem Linsenpapier-Wischer  oder Wattest\u00e4bchen reinigen (siehe\u00a01.)<\/span><\/li>\n<li class=\"Stil37\"> <span class=\"Stil10\">Teilweise  befeuchtetes Linsenpapier gleitend \u00fcber die optische Fl\u00e4che ziehen (siehe\u00a03.)<\/span><\/li>\n<\/ul>\n<h4 class=\"Stil10\"><span style=\"text-decoration: underline;\">5. Bewertung des Reinigungserfolgs<\/span><\/h4>\n<p><span class=\"Stil10\">Optische  Fl\u00e4chen bei verschiedenen Neigungen betrachten <\/span><\/p>\n<ul class=\"Stil37\">\n<li> <span class=\"Stil10\">es d\u00fcrfen  keine unregelm\u00e4\u00dfigen Inseln bei Verdunstung des Reinigungsmittels entstehen<\/span><\/li>\n<li> <span class=\"Stil10\">nach  (vorsichtigem) Anhauchen der optischen Fl\u00e4che muss die gebildete Kondensschicht  gleichm\u00e4\u00dfig erscheinen<\/span><\/li>\n<\/ul>\n<h4 class=\"Stil10\">Gegebenenfalls  muss der Reinigungsvorgang wiederholt werden.<\/h4>\n<p class=\"Stil38\">Canon Broadcast Europe verwendet f\u00fcr die Reinigung der Glasoberfl\u00e4chen ausschlie\u00dflich Aceton.<\/p>\n<p class=\"Stil38\">Schneider Kreuznach Optische Werke empfiehlt f\u00fcr die Reinigung der Glasoberfl\u00e4chen eine 5% Mischung aus Wasser und Netzmittel.<\/p>\n<p class=\"Stil10\"><strong>Und hier noch eine weitere Reinigungsempfehlung die wir f\u00fcr Sie im WWW gefunden haben.:<\/strong><\/p>\n<p>&#8222;&#8230; Sollte dennoch ein Reinigen der Spiegel unumg\u00e4nglich  sein, dann ist folgenderma\u00dfen vorzugehen:<\/p>\n<p>St\u00e4rkere Verschmutzungen sollten nur mit Aceton oder  Methylalkohol beseitigt werden. Dazu entweder ein Reinigungsst\u00e4bchen (Q-Tip)  oder ein St\u00fcck Optik-Reinigungspapier (empfohlen: Kodak Lens Cleaning Paper)  mit Aceton bzw. Alkohol benetzen und unter nur geringem Andruck einmalig \u00fcber  die Spiegelfl\u00e4che ziehen. Dabei nur vom Spiegelhalter weg nach vorn ziehen. Das  Papier nur einmal benutzen! Reinigungsst\u00e4bchen sollten zwischen einzelnen  Reinigungsbewegungen verdreht werden, so dass immer eine saubere Seite zum  Einsatz kommt.<\/p>\n<p><span class=\"Stil10\">Den  Spiegel nicht mit Aceton oder Alkohol tr\u00e4nken.<\/span><span class=\"Stil10\"><br \/>\n<\/span> &#8230;&#8220;<\/p>\n","protected":false},"excerpt":{"rendered":"<p>Gerne w\u00fcrden wir Ihnen auch Reinigungsmittel anbieten, leider ist der Verkauf von Chemie mit so viel Auflagen und Vorschriften verbunden, dass wir hier leider passen m\u00fcssen. Wir haben jedoch f\u00fcr sie eine Auswahl an Empfehlungen aus dem Internet gesammelt sowie bei namhaften Herstellern gefragt, wie sie ihre Produkte reinigen. Diese geben wir Ihnen gern weiter,<\/p>\n<p><a class=\"more-link\" href=\"https:\/\/gertenbach.info\/wordpress\/?page_id=340\">Read more <span class=\"more-sep\">[+]<\/span><\/a><\/p>\n","protected":false},"author":1,"featured_media":0,"parent":0,"menu_order":0,"comment_status":"closed","ping_status":"closed","template":"","meta":[],"_links":{"self":[{"href":"https:\/\/gertenbach.info\/wordpress\/index.php?rest_route=\/wp\/v2\/pages\/340"}],"collection":[{"href":"https:\/\/gertenbach.info\/wordpress\/index.php?rest_route=\/wp\/v2\/pages"}],"about":[{"href":"https:\/\/gertenbach.info\/wordpress\/index.php?rest_route=\/wp\/v2\/types\/page"}],"author":[{"embeddable":true,"href":"https:\/\/gertenbach.info\/wordpress\/index.php?rest_route=\/wp\/v2\/users\/1"}],"replies":[{"embeddable":true,"href":"https:\/\/gertenbach.info\/wordpress\/index.php?rest_route=%2Fwp%2Fv2%2Fcomments&post=340"}],"version-history":[{"count":16,"href":"https:\/\/gertenbach.info\/wordpress\/index.php?rest_route=\/wp\/v2\/pages\/340\/revisions"}],"predecessor-version":[{"id":357,"href":"https:\/\/gertenbach.info\/wordpress\/index.php?rest_route=\/wp\/v2\/pages\/340\/revisions\/357"}],"wp:attachment":[{"href":"https:\/\/gertenbach.info\/wordpress\/index.php?rest_route=%2Fwp%2Fv2%2Fmedia&parent=340"}],"curies":[{"name":"wp","href":"https:\/\/api.w.org\/{rel}","templated":true}]}}