{"id":4,"date":"2012-12-05T15:01:05","date_gmt":"2012-12-05T15:01:05","guid":{"rendered":"http:\/\/gertenbach.info\/wordpress\/?page_id=4"},"modified":"2013-03-06T16:19:25","modified_gmt":"2013-03-06T16:19:25","slug":"guude","status":"publish","type":"page","link":"https:\/\/gertenbach.info\/wordpress\/?page_id=4","title":{"rendered":"Spiegel und Glas"},"content":{"rendered":"<h1>Glasoberfl\u00e4chenspiegel<\/h1>\n<p>Wir liefern Glasoberfl\u00e4chenspiegel\u00a0(manchmal auch Vorderfl\u00e4chenspiegel genannt)\u00a0in h\u00f6chster Qualit\u00e4t f\u00fcr unterschiedliche Anwendungen, die eine hohe Abbildungsgenauigkeit erfordern. \u00dcberall dort, wo au\u00dfergew\u00f6hnliche Anspr\u00fcche an Reflexion, Beschichtungsqualit\u00e4t und Ma\u00dftoleranzen gestellt werden, bew\u00e4hren sich unsere Spiegel.<\/p>\n<p>Abgestimmt auf die von Ihnen gew\u00fcnschte Reflexion wird sorgf\u00e4ltig selektiertes Glas mit reflektierenden Schichten und Schutzschichten bedampft.<\/p>\n<p>&nbsp;<\/p>\n<div>\n<h1>Der Unterschied :<\/h1>\n<\/div>\n<p>Es gibt einen ganz einfachen Test, einen normalen Spiegel (Hintergrund beschichtet) von einem Oberfl\u00e4chenspiegel (Oberfl\u00e4che beschichtet) zu unterscheiden.<\/p>\n<p><img loading=\"lazy\" src=\"http:\/\/gertenbach.info\/firma\/img\/Glass\/Mirror\/einfuehrung_Spiegel_Oberflaechenspiegel.JPG\" alt=\"\" width=\"156\" height=\"211\" \/> richtig, kein Abstand<br \/>\n<img loading=\"lazy\" src=\"http:\/\/gertenbach.info\/firma\/img\/Glass\/Mirror\/einfuehrung_Spiegel_Normal.JPG\" alt=\"\" width=\"154\" height=\"200\" \/> falsch, normaler Spiegel<\/p>\n<div>Besonders h\u00e4ufig werden unsere Spiegel f\u00fcr die Bildumkehr in Verbindung mit Videobeamer eingesetzt (siehe Bild).<br \/>\nSelbstverst\u00e4ndlich sind die Oberfl\u00e4chenspiegel auch f\u00fcr Laseranwendungen geeignet, entsprechende W\u00e4rmeabfuhr vorausgesetzt.&nbsp;<\/p>\n<p>Auf unserer\u00a0<a href=\"http:\/\/gertenbach.info\/firma\/Glass_Mirror_preisliste.htm\">Glasspiegel-Preisliste<\/a> k\u00f6nnen Sie leicht und einfach die reinen Spiegelpreise (ohne Verpackung und Transport) selbst ermitteln.<br \/>\nGerne schicken wir Ihnen aber auch ein separates Angebot f\u00fcr besondere Anforderungen und Gr\u00f6\u00dfen, z.B. Spiegel in runder, ovaler oder Trapezform. Ein weiterer Vorteil f\u00fcr Sie: Wir berechnen keine Mindermengenzuschl\u00e4ge.<\/p>\n<p><img loading=\"lazy\" src=\"http:\/\/gertenbach.info\/firma\/img\/Glass\/Mirror\/einfuehrung_Projektor.jpg\" alt=\"\" width=\"180\" height=\"295\" \/><\/p>\n<p>&nbsp;<\/p>\n<\/div>\n","protected":false},"excerpt":{"rendered":"<p>Glasoberfl\u00e4chenspiegel Wir liefern Glasoberfl\u00e4chenspiegel\u00a0(manchmal auch Vorderfl\u00e4chenspiegel genannt)\u00a0in h\u00f6chster Qualit\u00e4t f\u00fcr unterschiedliche Anwendungen, die eine hohe Abbildungsgenauigkeit erfordern. \u00dcberall dort, wo au\u00dfergew\u00f6hnliche Anspr\u00fcche an Reflexion, Beschichtungsqualit\u00e4t und Ma\u00dftoleranzen gestellt werden, bew\u00e4hren sich unsere Spiegel. Abgestimmt auf die von Ihnen gew\u00fcnschte Reflexion wird sorgf\u00e4ltig selektiertes Glas mit reflektierenden Schichten und Schutzschichten bedampft. &nbsp; Der Unterschied : Es<\/p>\n<p><a class=\"more-link\" href=\"https:\/\/gertenbach.info\/wordpress\/?page_id=4\">Read more <span class=\"more-sep\">[+]<\/span><\/a><\/p>\n","protected":false},"author":1,"featured_media":0,"parent":0,"menu_order":0,"comment_status":"closed","ping_status":"closed","template":"","meta":[],"_links":{"self":[{"href":"https:\/\/gertenbach.info\/wordpress\/index.php?rest_route=\/wp\/v2\/pages\/4"}],"collection":[{"href":"https:\/\/gertenbach.info\/wordpress\/index.php?rest_route=\/wp\/v2\/pages"}],"about":[{"href":"https:\/\/gertenbach.info\/wordpress\/index.php?rest_route=\/wp\/v2\/types\/page"}],"author":[{"embeddable":true,"href":"https:\/\/gertenbach.info\/wordpress\/index.php?rest_route=\/wp\/v2\/users\/1"}],"replies":[{"embeddable":true,"href":"https:\/\/gertenbach.info\/wordpress\/index.php?rest_route=%2Fwp%2Fv2%2Fcomments&post=4"}],"version-history":[{"count":9,"href":"https:\/\/gertenbach.info\/wordpress\/index.php?rest_route=\/wp\/v2\/pages\/4\/revisions"}],"predecessor-version":[{"id":385,"href":"https:\/\/gertenbach.info\/wordpress\/index.php?rest_route=\/wp\/v2\/pages\/4\/revisions\/385"}],"wp:attachment":[{"href":"https:\/\/gertenbach.info\/wordpress\/index.php?rest_route=%2Fwp%2Fv2%2Fmedia&parent=4"}],"curies":[{"name":"wp","href":"https:\/\/api.w.org\/{rel}","templated":true}]}}