{"id":98,"date":"2013-02-17T21:08:24","date_gmt":"2013-02-17T21:08:24","guid":{"rendered":"http:\/\/gertenbach.info\/wordpress\/?page_id=98"},"modified":"2015-06-19T16:34:21","modified_gmt":"2015-06-19T16:34:21","slug":"o%c2%b4connor","status":"publish","type":"page","link":"https:\/\/gertenbach.info\/wordpress\/?page_id=98","title":{"rendered":"O\u00b4Connor"},"content":{"rendered":"<p><span class=\"Stil24\"> <\/span><\/p>\n<p>Broadcast-Stative: <a href=\"http:\/\/www.ocon.com\/\">O&#8217;Connor<\/a><a href=\"http:\/\/www.sachtler.com\/de.html\"><\/a><\/p>\n<h1 class=\"Stil11\">Dies sagt der Hersteller \u00fcber sich:<\/h1>\n<p><span class=\"Stil3\">&#8222;Welcome to the new www.ocon.com<\/span><\/p>\n<p>The online home of <strong>O\u2019Connor Engineering<\/strong> &#8211;<\/p>\n<p>makers of the famous Ultimate range of fluid heads featuring continuous  counterbalance and fluid drag. The 2575D, 2065,\u00a01030HD and\u00a0120  EX\u00a0are the most famous models in this Ultimate range of fluid heads. With  the matching tripods these fluid heads are the only choice for cinematographers  around the world!<\/p>\n<p>In 2010 O\u2019Connor introduced an all-new camera accessory line engineered for  creative cinematography. The first innovation being unveiled is the Cine Follow  Focus CFF\u20131 with a smart modular design, maximum versatility, and unprecedented  compatibility.<\/p>\n<p><strong> <\/strong><\/p>\n<p><strong> <\/strong><\/p>\n<p><strong>O\u2019Connor &#8211; you really can feel the difference!<\/strong>&#8220;<\/p>\n<p class=\"Stil26\">&nbsp;<\/p>\n<p class=\"Stil26\">Von uns k\u00f6nnen Sie die gesamte Produktpalette der Stative, Schwenk- &amp; Neigek\u00f6pfe und des Zubeh\u00f6rs erwerben. Aufgrund des Umfangs der Produktpalette w\u00e4re eine Auff\u00fchrung hier zu umfangreich.<\/p>\n<p class=\"Stil26\">Wir empfehlen  sich einen \u00dcberblick auf der Homepage des Herstellers zu verschaffen.<\/p>\n<p>Gerne beraten wir Sie aber auch von Anfang an in einem pers\u00f6nlichen Gespr\u00e4ch oder nach Ihrer Email-Anfrage.<\/p>\n<p>F\u00fcr eine kompetente Beratung ist es f\u00fcr uns wichtig zu wissen, was Ihr haupts\u00e4chlicher Einsatzzweck  sein wird, welche Kamera-Optik-sonstige Zubeh\u00f6rteile verwendet werden sollen, etc..<\/p>\n","protected":false},"excerpt":{"rendered":"<p>Broadcast-Stative: O&#8217;Connor Dies sagt der Hersteller \u00fcber sich: &#8222;Welcome to the new www.ocon.com The online home of O\u2019Connor Engineering &#8211; makers of the famous Ultimate range of fluid heads featuring continuous counterbalance and fluid drag. The 2575D, 2065,\u00a01030HD and\u00a0120 EX\u00a0are the most famous models in this Ultimate range of fluid heads. With the matching tripods<\/p>\n<p><a class=\"more-link\" href=\"https:\/\/gertenbach.info\/wordpress\/?page_id=98\">Read more <span class=\"more-sep\">[+]<\/span><\/a><\/p>\n","protected":false},"author":1,"featured_media":0,"parent":0,"menu_order":0,"comment_status":"closed","ping_status":"closed","template":"","meta":[],"_links":{"self":[{"href":"https:\/\/gertenbach.info\/wordpress\/index.php?rest_route=\/wp\/v2\/pages\/98"}],"collection":[{"href":"https:\/\/gertenbach.info\/wordpress\/index.php?rest_route=\/wp\/v2\/pages"}],"about":[{"href":"https:\/\/gertenbach.info\/wordpress\/index.php?rest_route=\/wp\/v2\/types\/page"}],"author":[{"embeddable":true,"href":"https:\/\/gertenbach.info\/wordpress\/index.php?rest_route=\/wp\/v2\/users\/1"}],"replies":[{"embeddable":true,"href":"https:\/\/gertenbach.info\/wordpress\/index.php?rest_route=%2Fwp%2Fv2%2Fcomments&post=98"}],"version-history":[{"count":6,"href":"https:\/\/gertenbach.info\/wordpress\/index.php?rest_route=\/wp\/v2\/pages\/98\/revisions"}],"predecessor-version":[{"id":453,"href":"https:\/\/gertenbach.info\/wordpress\/index.php?rest_route=\/wp\/v2\/pages\/98\/revisions\/453"}],"wp:attachment":[{"href":"https:\/\/gertenbach.info\/wordpress\/index.php?rest_route=%2Fwp%2Fv2%2Fmedia&parent=98"}],"curies":[{"name":"wp","href":"https:\/\/api.w.org\/{rel}","templated":true}]}}